{"id":136,"date":"2023-06-19T11:18:50","date_gmt":"2023-06-19T11:18:50","guid":{"rendered":"https:\/\/asociacionhaziak.com\/?page_id=136"},"modified":"2023-06-19T14:21:18","modified_gmt":"2023-06-19T14:21:18","slug":"haziak-2","status":"publish","type":"page","link":"https:\/\/asociacionhaziak.com\/?page_id=136","title":{"rendered":"Proyectos"},"content":{"rendered":"\n<div class=\"wp-block-media-text alignwide is-stacked-on-mobile is-vertically-aligned-top is-image-fill is-style-default\"><figure class=\"wp-block-media-text__media\" style=\"background-image:url(https:\/\/asociacionhaziak.com\/wp-content\/uploads\/2022\/11\/pexels-karolina-grabowska-4202324-1024x683.jpg);background-position:24% 9%\"><img loading=\"lazy\" decoding=\"async\" width=\"1024\" height=\"683\" src=\"https:\/\/asociacionhaziak.com\/wp-content\/uploads\/2022\/11\/pexels-karolina-grabowska-4202324-1024x683.jpg\" alt=\"\" class=\"wp-image-330 size-full\" srcset=\"https:\/\/asociacionhaziak.com\/wp-content\/uploads\/2022\/11\/pexels-karolina-grabowska-4202324-1024x683.jpg 1024w, https:\/\/asociacionhaziak.com\/wp-content\/uploads\/2022\/11\/pexels-karolina-grabowska-4202324-300x200.jpg 300w, https:\/\/asociacionhaziak.com\/wp-content\/uploads\/2022\/11\/pexels-karolina-grabowska-4202324-768x512.jpg 768w, https:\/\/asociacionhaziak.com\/wp-content\/uploads\/2022\/11\/pexels-karolina-grabowska-4202324-1536x1024.jpg 1536w, https:\/\/asociacionhaziak.com\/wp-content\/uploads\/2022\/11\/pexels-karolina-grabowska-4202324-2048x1365.jpg 2048w, https:\/\/asociacionhaziak.com\/wp-content\/uploads\/2022\/11\/pexels-karolina-grabowska-4202324-1568x1045.jpg 1568w\" sizes=\"auto, (max-width: 1024px) 100vw, 1024px\" \/><\/figure><div class=\"wp-block-media-text__content\">\n<h2 class=\"wp-block-heading has-extra-large-font-size\" style=\"font-style:normal;font-weight:600;text-transform:uppercase\">RAICES<\/h2>\n\n\n\n<p>Proyecto sociolaboral donde se puso en marcha un curso de carnicer\u00eda impartido en el Gremio de Carniceros de Navarra de la mano de Juan Carlos. Se han realizado pr\u00e1cticas en distintas carnicer\u00eda tanto tradicionales (Jos\u00e9 y Dani, Iriguibel, Go\u00f1i, Zuazu&#8230;) como Halal (Sadar Ali, Halal Assalam&#8230;).<\/p>\n\n\n\n<p>Tambi\u00e9n se realizaron diferentes cursos no profesionales como pintura o cocina, supervisado y dirigido por trabajadoras sociales.<\/p>\n<\/div><\/div>\n\n\n\n<p> <\/p>\n\n\n\n<div class=\"wp-block-media-text alignwide has-media-on-the-right is-stacked-on-mobile\"><div class=\"wp-block-media-text__content\">\n<h2 class=\"wp-block-heading has-extra-large-font-size\" style=\"font-style:normal;font-weight:600;text-transform:uppercase\">TALLOS<\/h2>\n\n\n\n<p>Un proyecto que nos ayuda a conectar con el resto de la sociedad. Consiste en crear redes, espacios de ocio y acompa\u00f1amiento referencial. Salidas a eventos de otras entidades, talleres de introspecci\u00f3n o de ocio que contribuyen en la creaci\u00f3n de una mejora social, cursos de primeros auxilios .<\/p>\n<\/div><figure class=\"wp-block-media-text__media\"><img loading=\"lazy\" decoding=\"async\" width=\"1024\" height=\"768\" src=\"https:\/\/asociacionhaziak.com\/wp-content\/uploads\/2022\/11\/pexels-pixabay-206694-1024x768.jpg\" alt=\"\" class=\"wp-image-329 size-full\" srcset=\"https:\/\/asociacionhaziak.com\/wp-content\/uploads\/2022\/11\/pexels-pixabay-206694-1024x768.jpg 1024w, https:\/\/asociacionhaziak.com\/wp-content\/uploads\/2022\/11\/pexels-pixabay-206694-300x225.jpg 300w, https:\/\/asociacionhaziak.com\/wp-content\/uploads\/2022\/11\/pexels-pixabay-206694-768x576.jpg 768w, https:\/\/asociacionhaziak.com\/wp-content\/uploads\/2022\/11\/pexels-pixabay-206694-1536x1152.jpg 1536w, https:\/\/asociacionhaziak.com\/wp-content\/uploads\/2022\/11\/pexels-pixabay-206694-2048x1536.jpg 2048w, https:\/\/asociacionhaziak.com\/wp-content\/uploads\/2022\/11\/pexels-pixabay-206694-1568x1176.jpg 1568w\" sizes=\"auto, (max-width: 1024px) 100vw, 1024px\" \/><\/figure><\/div>\n\n\n\n<p> <\/p>\n\n\n\n<div class=\"wp-block-media-text alignwide is-stacked-on-mobile is-vertically-aligned-top is-image-fill\"><figure class=\"wp-block-media-text__media\" style=\"background-image:url(https:\/\/asociacionhaziak.com\/wp-content\/uploads\/2022\/11\/pexels-brett-sayles-5211393-1024x1024.jpg);background-position:77% 91%\"><img loading=\"lazy\" decoding=\"async\" width=\"1024\" height=\"1024\" src=\"https:\/\/asociacionhaziak.com\/wp-content\/uploads\/2022\/11\/pexels-brett-sayles-5211393-1024x1024.jpg\" alt=\"\" class=\"wp-image-331 size-full\" srcset=\"https:\/\/asociacionhaziak.com\/wp-content\/uploads\/2022\/11\/pexels-brett-sayles-5211393-1024x1024.jpg 1024w, https:\/\/asociacionhaziak.com\/wp-content\/uploads\/2022\/11\/pexels-brett-sayles-5211393-300x300.jpg 300w, https:\/\/asociacionhaziak.com\/wp-content\/uploads\/2022\/11\/pexels-brett-sayles-5211393-150x150.jpg 150w, https:\/\/asociacionhaziak.com\/wp-content\/uploads\/2022\/11\/pexels-brett-sayles-5211393-768x768.jpg 768w, https:\/\/asociacionhaziak.com\/wp-content\/uploads\/2022\/11\/pexels-brett-sayles-5211393-1536x1536.jpg 1536w, https:\/\/asociacionhaziak.com\/wp-content\/uploads\/2022\/11\/pexels-brett-sayles-5211393-2048x2048.jpg 2048w, https:\/\/asociacionhaziak.com\/wp-content\/uploads\/2022\/11\/pexels-brett-sayles-5211393-1568x1568.jpg 1568w\" sizes=\"auto, (max-width: 1024px) 100vw, 1024px\" \/><\/figure><div class=\"wp-block-media-text__content\">\n<h2 class=\"wp-block-heading has-extra-large-font-size\" style=\"font-style:normal;font-weight:600;text-transform:uppercase\">hojas<\/h2>\n\n\n\n<p>Creamos espacios seguros donde poder crecer y llegar a desarrollar todo nuestro potencial. Campamentos de verano, actividades extraescolares, acompa\u00f1amiento de menores tutelado y de mayores de edad extutelados en lo que puedan necesitar.<\/p>\n<\/div><\/div>\n","protected":false},"excerpt":{"rendered":"<p>RAICES Proyecto sociolaboral donde se puso en marcha un curso de carnicer\u00eda impartido en el Gremio de Carniceros de Navarra de la mano de Juan Carlos. Se han realizado pr\u00e1cticas [&hellip;]<\/p>\n","protected":false},"author":1,"featured_media":0,"parent":0,"menu_order":0,"comment_status":"closed","ping_status":"closed","template":"","meta":{"_EventAllDay":false,"_EventTimezone":"","_EventStartDate":"","_EventEndDate":"","_EventStartDateUTC":"","_EventEndDateUTC":"","_EventShowMap":false,"_EventShowMapLink":false,"_EventURL":"","_EventCost":"","_EventCostDescription":"","_EventCurrencySymbol":"","_EventCurrencyCode":"","_EventCurrencyPosition":"","_EventDateTimeSeparator":"","_EventTimeRangeSeparator":"","_EventOrganizerID":[],"_EventVenueID":0,"_OrganizerEmail":"","_OrganizerPhone":"","_OrganizerWebsite":"","_VenueAddress":"","_VenueCity":"","_VenueCountry":"","_VenueProvince":"","_VenueZip":"","_VenuePhone":"","_VenueURL":"","_VenueStateProvince":"","_VenueLat":"","_VenueLng":"","footnotes":""},"class_list":["post-136","page","type-page","status-publish","hentry"],"yoast_head":"<!-- This site is optimized with the Yoast SEO plugin v20.11 - https:\/\/yoast.com\/wordpress\/plugins\/seo\/ -->\n<title>Proyectos - Asociaci\u00f3n Haziak<\/title>\n<meta name=\"description\" content=\"Ampliar los recursos con los cuentan los jovenes tutelados y extutelados creando una red de apoyo y acompa\u00f1amiento evitando la exclusi\u00f3n.\" \/>\n<meta name=\"robots\" content=\"index, follow, max-snippet:-1, max-image-preview:large, max-video-preview:-1\" \/>\n<link rel=\"canonical\" href=\"https:\/\/asociacionhaziak.com\/?page_id=136\" \/>\n<meta property=\"og:locale\" content=\"es_ES\" \/>\n<meta property=\"og:type\" content=\"article\" \/>\n<meta property=\"og:title\" content=\"Proyectos - Asociaci\u00f3n Haziak\" \/>\n<meta property=\"og:description\" content=\"Ampliar los recursos con los cuentan los jovenes tutelados y extutelados creando una red de apoyo y acompa\u00f1amiento evitando la exclusi\u00f3n.\" \/>\n<meta property=\"og:url\" content=\"https:\/\/asociacionhaziak.com\/?page_id=136\" \/>\n<meta property=\"og:site_name\" content=\"Asociaci\u00f3n Haziak\" \/>\n<meta property=\"article:modified_time\" content=\"2023-06-19T14:21:18+00:00\" \/>\n<meta property=\"og:image\" content=\"https:\/\/asociacionhaziak.com\/wp-content\/uploads\/2022\/11\/pexels-karolina-grabowska-4202324-1024x683.jpg\" \/>\n<meta name=\"twitter:card\" content=\"summary_large_image\" \/>\n<meta name=\"twitter:label1\" content=\"Tiempo de lectura\" \/>\n\t<meta name=\"twitter:data1\" content=\"2 minutos\" \/>\n<script type=\"application\/ld+json\" class=\"yoast-schema-graph\">{\"@context\":\"https:\/\/schema.org\",\"@graph\":[{\"@type\":\"WebPage\",\"@id\":\"https:\/\/asociacionhaziak.com\/?page_id=136\",\"url\":\"https:\/\/asociacionhaziak.com\/?page_id=136\",\"name\":\"Proyectos - Asociaci\u00f3n Haziak\",\"isPartOf\":{\"@id\":\"https:\/\/asociacionhaziak.com\/#website\"},\"datePublished\":\"2023-06-19T11:18:50+00:00\",\"dateModified\":\"2023-06-19T14:21:18+00:00\",\"description\":\"Ampliar los recursos con los cuentan los jovenes tutelados y extutelados creando una red de apoyo y acompa\u00f1amiento evitando la exclusi\u00f3n.\",\"breadcrumb\":{\"@id\":\"https:\/\/asociacionhaziak.com\/?page_id=136#breadcrumb\"},\"inLanguage\":\"es\",\"potentialAction\":[{\"@type\":\"ReadAction\",\"target\":[\"https:\/\/asociacionhaziak.com\/?page_id=136\"]}]},{\"@type\":\"BreadcrumbList\",\"@id\":\"https:\/\/asociacionhaziak.com\/?page_id=136#breadcrumb\",\"itemListElement\":[{\"@type\":\"ListItem\",\"position\":1,\"name\":\"Portada\",\"item\":\"https:\/\/asociacionhaziak.com\/\"},{\"@type\":\"ListItem\",\"position\":2,\"name\":\"Proyectos\"}]},{\"@type\":\"WebSite\",\"@id\":\"https:\/\/asociacionhaziak.com\/#website\",\"url\":\"https:\/\/asociacionhaziak.com\/\",\"name\":\"Asociaci\u00f3n Haziak\",\"description\":\"Personas Tuteladas y Extuteladas de Navarra\",\"publisher\":{\"@id\":\"https:\/\/asociacionhaziak.com\/#organization\"},\"potentialAction\":[{\"@type\":\"SearchAction\",\"target\":{\"@type\":\"EntryPoint\",\"urlTemplate\":\"https:\/\/asociacionhaziak.com\/?s={search_term_string}\"},\"query-input\":\"required name=search_term_string\"}],\"inLanguage\":\"es\"},{\"@type\":\"Organization\",\"@id\":\"https:\/\/asociacionhaziak.com\/#organization\",\"name\":\"Asociaci\u00f3n Haziak\",\"url\":\"https:\/\/asociacionhaziak.com\/\",\"logo\":{\"@type\":\"ImageObject\",\"inLanguage\":\"es\",\"@id\":\"https:\/\/asociacionhaziak.com\/#\/schema\/logo\/image\/\",\"url\":\"https:\/\/asociacionhaziak.com\/wp-content\/uploads\/2022\/08\/LogoHaziak-1.png\",\"contentUrl\":\"https:\/\/asociacionhaziak.com\/wp-content\/uploads\/2022\/08\/LogoHaziak-1.png\",\"width\":3690,\"height\":2575,\"caption\":\"Asociaci\u00f3n Haziak\"},\"image\":{\"@id\":\"https:\/\/asociacionhaziak.com\/#\/schema\/logo\/image\/\"}}]}<\/script>\n<!-- \/ Yoast SEO plugin. -->","yoast_head_json":{"title":"Proyectos - Asociaci\u00f3n Haziak","description":"Ampliar los recursos con los cuentan los jovenes tutelados y extutelados creando una red de apoyo y acompa\u00f1amiento evitando la exclusi\u00f3n.","robots":{"index":"index","follow":"follow","max-snippet":"max-snippet:-1","max-image-preview":"max-image-preview:large","max-video-preview":"max-video-preview:-1"},"canonical":"https:\/\/asociacionhaziak.com\/?page_id=136","og_locale":"es_ES","og_type":"article","og_title":"Proyectos - Asociaci\u00f3n Haziak","og_description":"Ampliar los recursos con los cuentan los jovenes tutelados y extutelados creando una red de apoyo y acompa\u00f1amiento evitando la exclusi\u00f3n.","og_url":"https:\/\/asociacionhaziak.com\/?page_id=136","og_site_name":"Asociaci\u00f3n Haziak","article_modified_time":"2023-06-19T14:21:18+00:00","og_image":[{"url":"https:\/\/asociacionhaziak.com\/wp-content\/uploads\/2022\/11\/pexels-karolina-grabowska-4202324-1024x683.jpg"}],"twitter_card":"summary_large_image","twitter_misc":{"Tiempo de lectura":"2 minutos"},"schema":{"@context":"https:\/\/schema.org","@graph":[{"@type":"WebPage","@id":"https:\/\/asociacionhaziak.com\/?page_id=136","url":"https:\/\/asociacionhaziak.com\/?page_id=136","name":"Proyectos - Asociaci\u00f3n Haziak","isPartOf":{"@id":"https:\/\/asociacionhaziak.com\/#website"},"datePublished":"2023-06-19T11:18:50+00:00","dateModified":"2023-06-19T14:21:18+00:00","description":"Ampliar los recursos con los cuentan los jovenes tutelados y extutelados creando una red de apoyo y acompa\u00f1amiento evitando la exclusi\u00f3n.","breadcrumb":{"@id":"https:\/\/asociacionhaziak.com\/?page_id=136#breadcrumb"},"inLanguage":"es","potentialAction":[{"@type":"ReadAction","target":["https:\/\/asociacionhaziak.com\/?page_id=136"]}]},{"@type":"BreadcrumbList","@id":"https:\/\/asociacionhaziak.com\/?page_id=136#breadcrumb","itemListElement":[{"@type":"ListItem","position":1,"name":"Portada","item":"https:\/\/asociacionhaziak.com\/"},{"@type":"ListItem","position":2,"name":"Proyectos"}]},{"@type":"WebSite","@id":"https:\/\/asociacionhaziak.com\/#website","url":"https:\/\/asociacionhaziak.com\/","name":"Asociaci\u00f3n Haziak","description":"Personas Tuteladas y Extuteladas de Navarra","publisher":{"@id":"https:\/\/asociacionhaziak.com\/#organization"},"potentialAction":[{"@type":"SearchAction","target":{"@type":"EntryPoint","urlTemplate":"https:\/\/asociacionhaziak.com\/?s={search_term_string}"},"query-input":"required name=search_term_string"}],"inLanguage":"es"},{"@type":"Organization","@id":"https:\/\/asociacionhaziak.com\/#organization","name":"Asociaci\u00f3n Haziak","url":"https:\/\/asociacionhaziak.com\/","logo":{"@type":"ImageObject","inLanguage":"es","@id":"https:\/\/asociacionhaziak.com\/#\/schema\/logo\/image\/","url":"https:\/\/asociacionhaziak.com\/wp-content\/uploads\/2022\/08\/LogoHaziak-1.png","contentUrl":"https:\/\/asociacionhaziak.com\/wp-content\/uploads\/2022\/08\/LogoHaziak-1.png","width":3690,"height":2575,"caption":"Asociaci\u00f3n Haziak"},"image":{"@id":"https:\/\/asociacionhaziak.com\/#\/schema\/logo\/image\/"}}]}},"_links":{"self":[{"href":"https:\/\/asociacionhaziak.com\/index.php?rest_route=\/wp\/v2\/pages\/136","targetHints":{"allow":["GET"]}}],"collection":[{"href":"https:\/\/asociacionhaziak.com\/index.php?rest_route=\/wp\/v2\/pages"}],"about":[{"href":"https:\/\/asociacionhaziak.com\/index.php?rest_route=\/wp\/v2\/types\/page"}],"author":[{"embeddable":true,"href":"https:\/\/asociacionhaziak.com\/index.php?rest_route=\/wp\/v2\/users\/1"}],"replies":[{"embeddable":true,"href":"https:\/\/asociacionhaziak.com\/index.php?rest_route=%2Fwp%2Fv2%2Fcomments&post=136"}],"version-history":[{"count":18,"href":"https:\/\/asociacionhaziak.com\/index.php?rest_route=\/wp\/v2\/pages\/136\/revisions"}],"predecessor-version":[{"id":454,"href":"https:\/\/asociacionhaziak.com\/index.php?rest_route=\/wp\/v2\/pages\/136\/revisions\/454"}],"wp:attachment":[{"href":"https:\/\/asociacionhaziak.com\/index.php?rest_route=%2Fwp%2Fv2%2Fmedia&parent=136"}],"curies":[{"name":"wp","href":"https:\/\/api.w.org\/{rel}","templated":true}]}}