{"id":282,"date":"2022-11-08T17:01:52","date_gmt":"2022-11-08T17:01:52","guid":{"rendered":"https:\/\/asociacionhaziak.com\/?page_id=282"},"modified":"2023-06-19T14:19:51","modified_gmt":"2023-06-19T14:19:51","slug":"welcome","status":"publish","type":"page","link":"https:\/\/asociacionhaziak.com\/","title":{"rendered":"\u00a1Bienvenidxs!"},"content":{"rendered":"<div class=\"n2_clear\"><ss3-force-full-width data-overflow-x=\"body\" data-horizontal-selector=\"body\"><div class=\"n2-section-smartslider fitvidsignore  n2_clear\" data-ssid=\"2\" tabindex=\"0\" role=\"region\" aria-label=\"Slider\"><div id=\"n2-ss-2-align\" class=\"n2-ss-align\"><div class=\"n2-padding\"><div id=\"n2-ss-2\" data-creator=\"Smart Slider 3\" data-responsive=\"fullwidth\" class=\"n2-ss-slider n2-ow n2-has-hover n2notransition  \">\n\n\n\n<div class=\"n2-ss-slider-wrapper-inside\">\n        <div class=\"n2-ss-slider-1 n2_ss__touch_element n2-ow\">\n            <div class=\"n2-ss-slider-2 n2-ow\">\n                                                <div class=\"n2-ss-slider-3 n2-ow\">\n\n                    <div class=\"n2-ss-slide-backgrounds n2-ow-all\"><div class=\"n2-ss-slide-background\" data-public-id=\"1\" data-mode=\"fit\"><div class=\"n2-ss-slide-background-image\" data-blur=\"0\" data-opacity=\"100\" data-x=\"50\" data-y=\"50\" data-alt=\"Logotipo de Haziak\" data-title=\"\"><picture class=\"skip-lazy\" data-skip-lazy=\"1\"><img decoding=\"async\" src=\"\/\/asociacionhaziak.com\/wp-content\/uploads\/slider\/cache\/b647825029dfe0939321fd7ce83ac921\/LogoHaziak-1.png\" alt=\"Logotipo de Haziak\" title=\"\" loading=\"lazy\" class=\"skip-lazy\" data-skip-lazy=\"1\"><\/picture><\/div><div data-color=\"RGBA(255,255,255,0)\" style=\"background-color: RGBA(255,255,255,0);\" class=\"n2-ss-slide-background-color\"><\/div><\/div><div class=\"n2-ss-slide-background\" data-public-id=\"2\" data-mode=\"fill\"><div class=\"n2-ss-slide-background-image\" data-blur=\"0\" data-opacity=\"100\" data-x=\"50\" data-y=\"60\" data-alt=\"\" data-title=\"\" style=\"--ss-o-pos-y:60%\"><picture class=\"skip-lazy\" data-skip-lazy=\"1\"><img decoding=\"async\" src=\"\/\/asociacionhaziak.com\/wp-content\/uploads\/slider\/cache\/0a8c65a34943a4c5ae2a495eb10578a6\/IMG-20220301-WA0026.jpg\" alt=\"\" title=\"\" loading=\"lazy\" class=\"skip-lazy\" data-skip-lazy=\"1\"><\/picture><\/div><div data-color=\"RGBA(255,255,255,0)\" style=\"background-color: RGBA(255,255,255,0);\" class=\"n2-ss-slide-background-color\"><\/div><\/div><div class=\"n2-ss-slide-background\" data-public-id=\"3\" data-mode=\"fill\"><div class=\"n2-ss-slide-background-image\" data-blur=\"0\" data-opacity=\"100\" data-x=\"50\" data-y=\"50\" data-alt=\"\" data-title=\"\"><picture class=\"skip-lazy\" data-skip-lazy=\"1\"><img decoding=\"async\" src=\"\/\/asociacionhaziak.com\/wp-content\/uploads\/slider\/cache\/dbf52096af5eea979646be3583a488eb\/WhatsApp-Image-2022-12-21-at-11.55.16.jpg\" alt=\"\" title=\"\" loading=\"lazy\" class=\"skip-lazy\" data-skip-lazy=\"1\"><\/picture><\/div><div data-color=\"RGBA(255,255,255,0)\" style=\"background-color: RGBA(255,255,255,0);\" class=\"n2-ss-slide-background-color\"><\/div><\/div><div class=\"n2-ss-slide-background\" data-public-id=\"4\" data-mode=\"fill\"><div class=\"n2-ss-slide-background-image\" data-blur=\"0\" data-opacity=\"100\" data-x=\"50\" data-y=\"50\" data-alt=\"\" data-title=\"\"><picture class=\"skip-lazy\" data-skip-lazy=\"1\"><img decoding=\"async\" src=\"\/\/asociacionhaziak.com\/wp-content\/uploads\/slider\/cache\/b16125dcaf7d5ce1722b9b3b39bb4e40\/WhatsApp-Image-2022-12-21-at-12.32.56.jpg\" alt=\"\" title=\"\" loading=\"lazy\" class=\"skip-lazy\" data-skip-lazy=\"1\"><\/picture><\/div><div data-color=\"RGBA(255,255,255,0)\" style=\"background-color: RGBA(255,255,255,0);\" class=\"n2-ss-slide-background-color\"><\/div><\/div><div class=\"n2-ss-slide-background\" data-public-id=\"5\" data-mode=\"fill\"><div class=\"n2-ss-slide-background-image\" data-blur=\"0\" data-opacity=\"100\" data-x=\"50\" data-y=\"50\" data-alt=\"\" data-title=\"\"><picture class=\"skip-lazy\" data-skip-lazy=\"1\"><img decoding=\"async\" src=\"\/\/asociacionhaziak.com\/wp-content\/uploads\/slider\/cache\/8fc9f9e47721afdace088e9dae7107c5\/WhatsApp-Image-2022-12-21-at-12.32.58.jpg\" alt=\"\" title=\"\" loading=\"lazy\" class=\"skip-lazy\" data-skip-lazy=\"1\"><\/picture><\/div><div data-color=\"RGBA(255,255,255,0)\" style=\"background-color: RGBA(255,255,255,0);\" class=\"n2-ss-slide-background-color\"><\/div><\/div><\/div>                    <div class=\"n2-ss-slider-4 n2-ow\">\n                        <svg xmlns=\"http:\/\/www.w3.org\/2000\/svg\" viewBox=\"0 0 1200 600\" data-related-device=\"desktopPortrait\" class=\"n2-ow n2-ss-preserve-size n2-ss-preserve-size--slider n2-ss-slide-limiter\"><\/svg><div data-first=\"1\" data-slide-duration=\"0\" data-id=\"6\" data-slide-public-id=\"1\" data-title=\"Logotipo de Haziak\" class=\"n2-ss-slide n2-ow  n2-ss-slide-6\"><div role=\"note\" class=\"n2-ss-slide--focus\" tabindex=\"-1\">Logotipo de Haziak<\/div><div class=\"n2-ss-layers-container n2-ss-slide-limiter n2-ow\"><div class=\"n2-ss-layer n2-ow n-uc-6Fcj8klPkVJj\" data-sstype=\"slide\" data-pm=\"default\"><\/div><\/div><\/div><div data-slide-duration=\"0\" data-id=\"9\" data-slide-public-id=\"2\" data-title=\"Haziak Ayuntamiento\" class=\"n2-ss-slide n2-ow  n2-ss-slide-9\"><div role=\"note\" class=\"n2-ss-slide--focus\" tabindex=\"-1\">Haziak Ayuntamiento<\/div><div class=\"n2-ss-layers-container n2-ss-slide-limiter n2-ow\"><div class=\"n2-ss-layer n2-ow n-uc-Du3ViBJLoVTZ\" data-sstype=\"slide\" data-pm=\"default\"><\/div><\/div><\/div><div data-slide-duration=\"0\" data-id=\"10\" data-slide-public-id=\"3\" data-title=\"WhatsApp Image 2022-12-21 at 11.55.16\" class=\"n2-ss-slide n2-ow  n2-ss-slide-10\"><div role=\"note\" class=\"n2-ss-slide--focus\" tabindex=\"-1\">WhatsApp Image 2022-12-21 at 11.55.16<\/div><div class=\"n2-ss-layers-container n2-ss-slide-limiter n2-ow\"><div class=\"n2-ss-layer n2-ow n-uc-0pO8XWDCgPup\" data-sstype=\"slide\" data-pm=\"default\"><\/div><\/div><\/div><div data-slide-duration=\"0\" data-id=\"11\" data-slide-public-id=\"4\" data-title=\"WhatsApp Image 2022-12-21 at 12.32.56\" class=\"n2-ss-slide n2-ow  n2-ss-slide-11\"><div role=\"note\" class=\"n2-ss-slide--focus\" tabindex=\"-1\">WhatsApp Image 2022-12-21 at 12.32.56<\/div><div class=\"n2-ss-layers-container n2-ss-slide-limiter n2-ow\"><div class=\"n2-ss-layer n2-ow n-uc-iUc5uts6lNiJ\" data-sstype=\"slide\" data-pm=\"default\"><\/div><\/div><\/div><div data-slide-duration=\"0\" data-id=\"12\" data-slide-public-id=\"5\" data-title=\"WhatsApp Image 2022-12-21 at 12.32.58\" class=\"n2-ss-slide n2-ow  n2-ss-slide-12\"><div role=\"note\" class=\"n2-ss-slide--focus\" tabindex=\"-1\">WhatsApp Image 2022-12-21 at 12.32.58<\/div><div class=\"n2-ss-layers-container n2-ss-slide-limiter n2-ow\"><div class=\"n2-ss-layer n2-ow n-uc-c7hjxC7hj4BT\" data-sstype=\"slide\" data-pm=\"default\"><\/div><\/div><\/div>                    <\/div>\n\n                                    <\/div>\n            <\/div>\n        <\/div>\n        <div class=\"n2-ss-slider-controls n2-ss-slider-controls-absolute-left-center\"><div style=\"--widget-offset:15px;\" class=\"n2-ss-widget nextend-arrow n2-ow-all nextend-arrow-previous  nextend-arrow-animated-fade\" id=\"n2-ss-2-arrow-previous\" role=\"button\" aria-label=\"previous arrow\" tabindex=\"0\"><img loading=\"lazy\" decoding=\"async\" width=\"32\" height=\"32\" class=\"n2-arrow-normal-img skip-lazy\" data-skip-lazy=\"1\" src=\"data:image\/svg+xml;base64,PHN2ZyB3aWR0aD0iMzIiIGhlaWdodD0iMzIiIHZpZXdCb3g9IjAgMCAzMiAzMiIgeG1sbnM9Imh0dHA6Ly93d3cudzMub3JnLzIwMDAvc3ZnIj4KICAgIDxwYXRoIGQ9Ik0xMS40MzMgMTUuOTkyTDIyLjY5IDUuNzEyYy4zOTMtLjM5LjM5My0xLjAzIDAtMS40Mi0uMzkzLS4zOS0xLjAzLS4zOS0xLjQyMyAwbC0xMS45OCAxMC45NGMtLjIxLjIxLS4zLjQ5LS4yODUuNzYtLjAxNS4yOC4wNzUuNTYuMjg0Ljc3bDExLjk4IDEwLjk0Yy4zOTMuMzkgMS4wMy4zOSAxLjQyNCAwIC4zOTMtLjQuMzkzLTEuMDMgMC0xLjQybC0xMS4yNTctMTAuMjkiCiAgICAgICAgICBmaWxsPSIjZmZmZmZmIiBvcGFjaXR5PSIwLjgiIGZpbGwtcnVsZT0iZXZlbm9kZCIvPgo8L3N2Zz4=\" alt=\"previous arrow\"><img loading=\"lazy\" decoding=\"async\" width=\"32\" height=\"32\" class=\"n2-arrow-hover-img skip-lazy\" data-skip-lazy=\"1\" src=\"data:image\/svg+xml;base64,PHN2ZyB3aWR0aD0iMzIiIGhlaWdodD0iMzIiIHZpZXdCb3g9IjAgMCAzMiAzMiIgeG1sbnM9Imh0dHA6Ly93d3cudzMub3JnLzIwMDAvc3ZnIj4KICAgIDxwYXRoIGQ9Ik0xMS40MzMgMTUuOTkyTDIyLjY5IDUuNzEyYy4zOTMtLjM5LjM5My0xLjAzIDAtMS40Mi0uMzkzLS4zOS0xLjAzLS4zOS0xLjQyMyAwbC0xMS45OCAxMC45NGMtLjIxLjIxLS4zLjQ5LS4yODUuNzYtLjAxNS4yOC4wNzUuNTYuMjg0Ljc3bDExLjk4IDEwLjk0Yy4zOTMuMzkgMS4wMy4zOSAxLjQyNCAwIC4zOTMtLjQuMzkzLTEuMDMgMC0xLjQybC0xMS4yNTctMTAuMjkiCiAgICAgICAgICBmaWxsPSIjZmZmZmZmIiBvcGFjaXR5PSIxIiBmaWxsLXJ1bGU9ImV2ZW5vZGQiLz4KPC9zdmc+\" alt=\"previous arrow\"><\/div><\/div><div class=\"n2-ss-slider-controls n2-ss-slider-controls-absolute-right-center\"><div style=\"--widget-offset:15px;\" class=\"n2-ss-widget nextend-arrow n2-ow-all nextend-arrow-next  nextend-arrow-animated-fade\" id=\"n2-ss-2-arrow-next\" role=\"button\" aria-label=\"next arrow\" tabindex=\"0\"><img loading=\"lazy\" decoding=\"async\" width=\"32\" height=\"32\" class=\"n2-arrow-normal-img skip-lazy\" data-skip-lazy=\"1\" src=\"data:image\/svg+xml;base64,PHN2ZyB3aWR0aD0iMzIiIGhlaWdodD0iMzIiIHZpZXdCb3g9IjAgMCAzMiAzMiIgeG1sbnM9Imh0dHA6Ly93d3cudzMub3JnLzIwMDAvc3ZnIj4KICAgIDxwYXRoIGQ9Ik0xMC43MjIgNC4yOTNjLS4zOTQtLjM5LTEuMDMyLS4zOS0xLjQyNyAwLS4zOTMuMzktLjM5MyAxLjAzIDAgMS40MmwxMS4yODMgMTAuMjgtMTEuMjgzIDEwLjI5Yy0uMzkzLjM5LS4zOTMgMS4wMiAwIDEuNDIuMzk1LjM5IDEuMDMzLjM5IDEuNDI3IDBsMTIuMDA3LTEwLjk0Yy4yMS0uMjEuMy0uNDkuMjg0LS43Ny4wMTQtLjI3LS4wNzYtLjU1LS4yODYtLjc2TDEwLjcyIDQuMjkzeiIKICAgICAgICAgIGZpbGw9IiNmZmZmZmYiIG9wYWNpdHk9IjAuOCIgZmlsbC1ydWxlPSJldmVub2RkIi8+Cjwvc3ZnPg==\" alt=\"next arrow\"><img loading=\"lazy\" decoding=\"async\" width=\"32\" height=\"32\" class=\"n2-arrow-hover-img skip-lazy\" data-skip-lazy=\"1\" src=\"data:image\/svg+xml;base64,PHN2ZyB3aWR0aD0iMzIiIGhlaWdodD0iMzIiIHZpZXdCb3g9IjAgMCAzMiAzMiIgeG1sbnM9Imh0dHA6Ly93d3cudzMub3JnLzIwMDAvc3ZnIj4KICAgIDxwYXRoIGQ9Ik0xMC43MjIgNC4yOTNjLS4zOTQtLjM5LTEuMDMyLS4zOS0xLjQyNyAwLS4zOTMuMzktLjM5MyAxLjAzIDAgMS40MmwxMS4yODMgMTAuMjgtMTEuMjgzIDEwLjI5Yy0uMzkzLjM5LS4zOTMgMS4wMiAwIDEuNDIuMzk1LjM5IDEuMDMzLjM5IDEuNDI3IDBsMTIuMDA3LTEwLjk0Yy4yMS0uMjEuMy0uNDkuMjg0LS43Ny4wMTQtLjI3LS4wNzYtLjU1LS4yODYtLjc2TDEwLjcyIDQuMjkzeiIKICAgICAgICAgIGZpbGw9IiNmZmZmZmYiIG9wYWNpdHk9IjEiIGZpbGwtcnVsZT0iZXZlbm9kZCIvPgo8L3N2Zz4=\" alt=\"next arrow\"><\/div><\/div><div class=\"n2-ss-slider-controls n2-ss-slider-controls-absolute-center-bottom\"><div style=\"--widget-offset:10px;\" class=\"n2-ss-widget n2-ss-control-bullet n2-ow-all n2-ss-control-bullet-horizontal\"><div class=\" nextend-bullet-bar n2-bar-justify-content-center\"><div class=\"n2-bullet n2-style-13586a9834f840c6e3b0e8ac4aa4b69c-dot \" style=\"visibility:hidden;\"><\/div><\/div><\/div><\/div><\/div><\/div><ss3-loader><\/ss3-loader><\/div><\/div><div class=\"n2_clear\"><\/div><\/div><\/ss3-force-full-width><\/div>\n\n\n<div class=\"wp-block-group is-nowrap is-layout-flex wp-container-core-group-is-layout-6c531013 wp-block-group-is-layout-flex\"><\/div>\n\n\n<ul class=\"wp-block-latest-posts__list is-grid columns-3 wp-block-latest-posts\"><li><a class=\"wp-block-latest-posts__post-title\" href=\"https:\/\/asociacionhaziak.com\/?p=632\">Campamento Julio<\/a><div class=\"wp-block-latest-posts__post-excerpt\">Con mucho esfuerzo y gracias a la colaboraci\u00f3n de muchxs de vosotrxs, este mes de julio fuimos de campamento al Santuario Verde. Lxs chicxs de menos de 14 a\u00f1os disfrutaron un mont\u00f3n con las actividades que all\u00ed hicimos, nosotrxs tambi\u00e9n ya que pasar tiempo con los animales rescatados y poder hacer actividades en la naturaleza&#8230; <a class=\"wp-block-latest-posts__read-more\" href=\"https:\/\/asociacionhaziak.com\/?p=632\" rel=\"noopener noreferrer\">Lee m\u00e1s<span class=\"screen-reader-text\">: Campamento Julio<\/span><\/a><\/div><\/li>\n<li><a class=\"wp-block-latest-posts__post-title\" href=\"https:\/\/asociacionhaziak.com\/?p=493\">12 meses 12 derechos<\/a><div class=\"wp-block-latest-posts__post-excerpt\">Estamo colaborando estrechamente con el gobierno de navara de la mano de Nacho Iriarte, en una aventura a favor de los derechos de los menores. En este proyecto han creado las bases sobre los derechos de los menores en especial sobre nuestro colectivo, ya que antiguamente no hab\u00eda una normativa espec\u00edfica para los menores en&#8230; <a class=\"wp-block-latest-posts__read-more\" href=\"https:\/\/asociacionhaziak.com\/?p=493\" rel=\"noopener noreferrer\">Lee m\u00e1s<span class=\"screen-reader-text\">: 12 meses 12 derechos<\/span><\/a><\/div><\/li>\n<li><a class=\"wp-block-latest-posts__post-title\" href=\"https:\/\/asociacionhaziak.com\/?p=403\">CAMPAMENTO DE VERANO<\/a><div class=\"wp-block-latest-posts__post-excerpt\">Vamos a realizar un campamento al Santuario Verde. La 1\u00aa tanda est\u00e1 dirigida a jovenes de entre 10 y 13 a\u00f1os del 10 al 12 de Julio, disponemos de 10 plazas. Se pueden realizar inscripciones hasta el 30 de junio en admin@asociacionhaziak.com. En caso de que las personas apuntadas superen el n\u00famero de plazas disponibles&#8230; <a class=\"wp-block-latest-posts__read-more\" href=\"https:\/\/asociacionhaziak.com\/?p=403\" rel=\"noopener noreferrer\">Lee m\u00e1s<span class=\"screen-reader-text\">: CAMPAMENTO DE VERANO<\/span><\/a><\/div><\/li>\n<li><a class=\"wp-block-latest-posts__post-title\" href=\"https:\/\/asociacionhaziak.com\/?p=513\">Una Navidad diferente<\/a><div class=\"wp-block-latest-posts__post-excerpt\">La sociedad nos hace sentir diferentes por no pasar la Navidad con la familia, por eso el 25 de Diciembre del 2021 y el 2022 hicimos una comida con 14 j\u00f3venes, pero no para celebrar la Navidad ya que muchos de nosotros no tenemos un buen concepto de estas fechas. Lo llamamos \u00abla comida del&#8230; <a class=\"wp-block-latest-posts__read-more\" href=\"https:\/\/asociacionhaziak.com\/?p=513\" rel=\"noopener noreferrer\">Lee m\u00e1s<span class=\"screen-reader-text\">: Una Navidad diferente<\/span><\/a><\/div><\/li>\n<li><a class=\"wp-block-latest-posts__post-title\" href=\"https:\/\/asociacionhaziak.com\/?p=321\">ENCUENTRO CON RA\u00daL SERRANO<\/a><div class=\"wp-block-latest-posts__post-excerpt\">El d\u00eda 4 de noviembre, de la mano de ASEAF(Asociaci\u00f3n Estatal de Acogimiento Familiar) y MAGALE (Asociaci\u00f3n de Familias de Acogida de Navarra) fuimos al cine a disfrutar del documental \u00abAs\u00ed crecen los enanos\u00bb del director Ra\u00fal Serrano. Ra\u00fal estuvo durante 14 a\u00f1os en centros de acogida y su documental habla de historias reales de&#8230; <a class=\"wp-block-latest-posts__read-more\" href=\"https:\/\/asociacionhaziak.com\/?p=321\" rel=\"noopener noreferrer\">Lee m\u00e1s<span class=\"screen-reader-text\">: ENCUENTRO CON RA\u00daL SERRANO<\/span><\/a><\/div><\/li>\n<\/ul>\n\n\n<p><\/p>\n","protected":false},"excerpt":{"rendered":"","protected":false},"author":1,"featured_media":0,"parent":0,"menu_order":0,"comment_status":"closed","ping_status":"closed","template":"","meta":{"_EventAllDay":false,"_EventTimezone":"","_EventStartDate":"","_EventEndDate":"","_EventStartDateUTC":"","_EventEndDateUTC":"","_EventShowMap":false,"_EventShowMapLink":false,"_EventURL":"","_EventCost":"","_EventCostDescription":"","_EventCurrencySymbol":"","_EventCurrencyCode":"","_EventCurrencyPosition":"","_EventDateTimeSeparator":"","_EventTimeRangeSeparator":"","_EventOrganizerID":[],"_EventVenueID":0,"_OrganizerEmail":"","_OrganizerPhone":"","_OrganizerWebsite":"","_VenueAddress":"","_VenueCity":"","_VenueCountry":"","_VenueProvince":"","_VenueZip":"","_VenuePhone":"","_VenueURL":"","_VenueStateProvince":"","_VenueLat":"","_VenueLng":"","footnotes":""},"class_list":["post-282","page","type-page","status-publish","hentry"],"yoast_head":"<!-- This site is optimized with the Yoast SEO plugin v20.11 - https:\/\/yoast.com\/wordpress\/plugins\/seo\/ -->\n<title>\u00a1Bienvenidxs! - Asociaci\u00f3n Haziak<\/title>\n<meta name=\"robots\" content=\"index, follow, max-snippet:-1, max-image-preview:large, max-video-preview:-1\" \/>\n<link rel=\"canonical\" href=\"https:\/\/asociacionhaziak.com\/\" \/>\n<meta property=\"og:locale\" content=\"es_ES\" \/>\n<meta property=\"og:type\" content=\"article\" \/>\n<meta property=\"og:title\" content=\"\u00a1Bienvenidxs! - Asociaci\u00f3n Haziak\" \/>\n<meta property=\"og:url\" content=\"https:\/\/asociacionhaziak.com\/\" \/>\n<meta property=\"og:site_name\" content=\"Asociaci\u00f3n Haziak\" \/>\n<meta property=\"article:modified_time\" content=\"2023-06-19T14:19:51+00:00\" \/>\n<meta name=\"twitter:card\" content=\"summary_large_image\" \/>\n<script type=\"application\/ld+json\" class=\"yoast-schema-graph\">{\"@context\":\"https:\/\/schema.org\",\"@graph\":[{\"@type\":\"WebPage\",\"@id\":\"https:\/\/asociacionhaziak.com\/\",\"url\":\"https:\/\/asociacionhaziak.com\/\",\"name\":\"\u00a1Bienvenidxs! - Asociaci\u00f3n Haziak\",\"isPartOf\":{\"@id\":\"https:\/\/asociacionhaziak.com\/#website\"},\"datePublished\":\"2022-11-08T17:01:52+00:00\",\"dateModified\":\"2023-06-19T14:19:51+00:00\",\"breadcrumb\":{\"@id\":\"https:\/\/asociacionhaziak.com\/#breadcrumb\"},\"inLanguage\":\"es\",\"potentialAction\":[{\"@type\":\"ReadAction\",\"target\":[\"https:\/\/asociacionhaziak.com\/\"]}]},{\"@type\":\"BreadcrumbList\",\"@id\":\"https:\/\/asociacionhaziak.com\/#breadcrumb\",\"itemListElement\":[{\"@type\":\"ListItem\",\"position\":1,\"name\":\"Portada\",\"item\":\"https:\/\/asociacionhaziak.com\/\"},{\"@type\":\"ListItem\",\"position\":2,\"name\":\"\u00a1Bienvenidxs!\"}]},{\"@type\":\"WebSite\",\"@id\":\"https:\/\/asociacionhaziak.com\/#website\",\"url\":\"https:\/\/asociacionhaziak.com\/\",\"name\":\"Asociaci\u00f3n Haziak\",\"description\":\"Personas Tuteladas y Extuteladas de Navarra\",\"publisher\":{\"@id\":\"https:\/\/asociacionhaziak.com\/#organization\"},\"potentialAction\":[{\"@type\":\"SearchAction\",\"target\":{\"@type\":\"EntryPoint\",\"urlTemplate\":\"https:\/\/asociacionhaziak.com\/?s={search_term_string}\"},\"query-input\":\"required name=search_term_string\"}],\"inLanguage\":\"es\"},{\"@type\":\"Organization\",\"@id\":\"https:\/\/asociacionhaziak.com\/#organization\",\"name\":\"Asociaci\u00f3n Haziak\",\"url\":\"https:\/\/asociacionhaziak.com\/\",\"logo\":{\"@type\":\"ImageObject\",\"inLanguage\":\"es\",\"@id\":\"https:\/\/asociacionhaziak.com\/#\/schema\/logo\/image\/\",\"url\":\"https:\/\/asociacionhaziak.com\/wp-content\/uploads\/2022\/08\/LogoHaziak-1.png\",\"contentUrl\":\"https:\/\/asociacionhaziak.com\/wp-content\/uploads\/2022\/08\/LogoHaziak-1.png\",\"width\":3690,\"height\":2575,\"caption\":\"Asociaci\u00f3n Haziak\"},\"image\":{\"@id\":\"https:\/\/asociacionhaziak.com\/#\/schema\/logo\/image\/\"}}]}<\/script>\n<!-- \/ Yoast SEO plugin. -->","yoast_head_json":{"title":"\u00a1Bienvenidxs! - Asociaci\u00f3n Haziak","robots":{"index":"index","follow":"follow","max-snippet":"max-snippet:-1","max-image-preview":"max-image-preview:large","max-video-preview":"max-video-preview:-1"},"canonical":"https:\/\/asociacionhaziak.com\/","og_locale":"es_ES","og_type":"article","og_title":"\u00a1Bienvenidxs! - Asociaci\u00f3n Haziak","og_url":"https:\/\/asociacionhaziak.com\/","og_site_name":"Asociaci\u00f3n Haziak","article_modified_time":"2023-06-19T14:19:51+00:00","twitter_card":"summary_large_image","schema":{"@context":"https:\/\/schema.org","@graph":[{"@type":"WebPage","@id":"https:\/\/asociacionhaziak.com\/","url":"https:\/\/asociacionhaziak.com\/","name":"\u00a1Bienvenidxs! - Asociaci\u00f3n Haziak","isPartOf":{"@id":"https:\/\/asociacionhaziak.com\/#website"},"datePublished":"2022-11-08T17:01:52+00:00","dateModified":"2023-06-19T14:19:51+00:00","breadcrumb":{"@id":"https:\/\/asociacionhaziak.com\/#breadcrumb"},"inLanguage":"es","potentialAction":[{"@type":"ReadAction","target":["https:\/\/asociacionhaziak.com\/"]}]},{"@type":"BreadcrumbList","@id":"https:\/\/asociacionhaziak.com\/#breadcrumb","itemListElement":[{"@type":"ListItem","position":1,"name":"Portada","item":"https:\/\/asociacionhaziak.com\/"},{"@type":"ListItem","position":2,"name":"\u00a1Bienvenidxs!"}]},{"@type":"WebSite","@id":"https:\/\/asociacionhaziak.com\/#website","url":"https:\/\/asociacionhaziak.com\/","name":"Asociaci\u00f3n Haziak","description":"Personas Tuteladas y Extuteladas de Navarra","publisher":{"@id":"https:\/\/asociacionhaziak.com\/#organization"},"potentialAction":[{"@type":"SearchAction","target":{"@type":"EntryPoint","urlTemplate":"https:\/\/asociacionhaziak.com\/?s={search_term_string}"},"query-input":"required name=search_term_string"}],"inLanguage":"es"},{"@type":"Organization","@id":"https:\/\/asociacionhaziak.com\/#organization","name":"Asociaci\u00f3n Haziak","url":"https:\/\/asociacionhaziak.com\/","logo":{"@type":"ImageObject","inLanguage":"es","@id":"https:\/\/asociacionhaziak.com\/#\/schema\/logo\/image\/","url":"https:\/\/asociacionhaziak.com\/wp-content\/uploads\/2022\/08\/LogoHaziak-1.png","contentUrl":"https:\/\/asociacionhaziak.com\/wp-content\/uploads\/2022\/08\/LogoHaziak-1.png","width":3690,"height":2575,"caption":"Asociaci\u00f3n Haziak"},"image":{"@id":"https:\/\/asociacionhaziak.com\/#\/schema\/logo\/image\/"}}]}},"_links":{"self":[{"href":"https:\/\/asociacionhaziak.com\/index.php?rest_route=\/wp\/v2\/pages\/282","targetHints":{"allow":["GET"]}}],"collection":[{"href":"https:\/\/asociacionhaziak.com\/index.php?rest_route=\/wp\/v2\/pages"}],"about":[{"href":"https:\/\/asociacionhaziak.com\/index.php?rest_route=\/wp\/v2\/types\/page"}],"author":[{"embeddable":true,"href":"https:\/\/asociacionhaziak.com\/index.php?rest_route=\/wp\/v2\/users\/1"}],"replies":[{"embeddable":true,"href":"https:\/\/asociacionhaziak.com\/index.php?rest_route=%2Fwp%2Fv2%2Fcomments&post=282"}],"version-history":[{"count":10,"href":"https:\/\/asociacionhaziak.com\/index.php?rest_route=\/wp\/v2\/pages\/282\/revisions"}],"predecessor-version":[{"id":420,"href":"https:\/\/asociacionhaziak.com\/index.php?rest_route=\/wp\/v2\/pages\/282\/revisions\/420"}],"wp:attachment":[{"href":"https:\/\/asociacionhaziak.com\/index.php?rest_route=%2Fwp%2Fv2%2Fmedia&parent=282"}],"curies":[{"name":"wp","href":"https:\/\/api.w.org\/{rel}","templated":true}]}}