{"id":363,"date":"2023-06-19T11:24:26","date_gmt":"2023-06-19T11:24:26","guid":{"rendered":"https:\/\/asociacionhaziak.com\/?page_id=363"},"modified":"2023-06-19T11:24:27","modified_gmt":"2023-06-19T11:24:27","slug":"nuestra-filosofia","status":"publish","type":"page","link":"https:\/\/asociacionhaziak.com\/?page_id=363","title":{"rendered":"Nuestra Filosof\u00eda"},"content":{"rendered":"\n<p>Haziak es una asociaci\u00f3n creada por personas extuteladas que hemos contado con el apoyo de otras personas en nuestro camino.<\/p>\n\n\n\n<p>Nuestra asociaci\u00f3n se naci\u00f3 en el balc\u00f3n de una casa, un 20 de julio pero se dio a conocer a la sociedad el 17 de noviembre de 2021.<\/p>\n\n\n\n<p>Confiamos  en que, este primer a\u00f1o de lucha solo sea el primero de muchos.<\/p>\n\n\n\n<p>Creemos en una asociaci\u00f3n humana, cercana y con poquita experiencia en el mundo de las asociaciones, pero con una ilusi\u00f3n muy grande de coraz\u00f3n. Podr\u00edamos expresar muchas cosas, pero si algo nos caracteriza es que desde esa humanidad, a veces tambi\u00e9n hemos cometido errores, pero nos han ayudado a aprender para ser mejores m\u00e1s adelante, haci\u00e9ndonos m\u00e1s resilientes en la lucha por salir adelante.<\/p>\n\n\n\n<p>No tuvimos poderes a los 18, pero ahora tampoco. Lo que s\u00ed que tenemos son nuestras nuestras vivencias conjuntas para saber cu\u00e1l es el objetivo y hacia d\u00f3nde nos gustar\u00eda dirigir el el cambio. Queremos que a trav\u00e9s de la asociaci\u00f3n y trabajando juntas, mejoremos la calidad de las personas extuteladas y prevenir o apoyar en el camino de las personas que a\u00fan est\u00e1n bajo tutela.<\/p>\n\n\n\n<p>Hablamos en primera persona, con conocimiento de lo que es estar en situaciones de riesgo y lo que nos llev\u00f3 a ser personas extuteladas, por ello alzamos nuestra voz para darnos a conocer y que se sepa de nuestra existencia. Nos gustar\u00eda invitaros a usar las gafas de quienes hemos tenido esta vivencia. No importa cu\u00e1l sea tu perfil profesional, si has trabajado ya con nosotras o si te pica la curiosidad y quieres saber m\u00e1s, el hecho de conocernos ayuda por mucho a entendernos y comprender nuestra realidad.<\/p>\n\n\n\n<p>Pretendemos ofrecer un espacio seguro para otras personas tuteladas o extuteladas donde se sientan comprendidas, donde podamos crear puentes, hilos, cordeles y as\u00ed ampliar cada vez m\u00e1s nuestro c\u00edrculo. Un espacio donde por primera vez entre todas decidamos qu\u00e9 necesitamos, qu\u00e9 queremos y qu\u00e9 nos gustar\u00eda.<\/p>\n\n\n\n<hr class=\"wp-block-separator has-css-opacity is-style-default\"\/>\n\n\n\n<blockquote class=\"wp-block-quote has-text-align-center is-style-large is-layout-flow wp-block-quote-is-layout-flow\" style=\"font-style:italic;font-weight:400\">\n<p>\u00ab<strong>Vivamos conjuntamente: m\u00e1s presente y menos pasado<\/strong>\u00bb<\/p>\n<cite>\u2014 Tim Gu\u00e9nard, M\u00e1s fuerte que el odio<\/cite><\/blockquote>\n\n\n\n<hr class=\"wp-block-separator has-css-opacity is-style-default\"\/>\n","protected":false},"excerpt":{"rendered":"<p>Haziak es una asociaci\u00f3n creada por personas extuteladas que hemos contado con el apoyo de otras personas en nuestro camino. Nuestra asociaci\u00f3n se naci\u00f3 en el balc\u00f3n de una casa, [&hellip;]<\/p>\n","protected":false},"author":1,"featured_media":0,"parent":0,"menu_order":0,"comment_status":"closed","ping_status":"closed","template":"","meta":{"_EventAllDay":false,"_EventTimezone":"","_EventStartDate":"","_EventEndDate":"","_EventStartDateUTC":"","_EventEndDateUTC":"","_EventShowMap":false,"_EventShowMapLink":false,"_EventURL":"","_EventCost":"","_EventCostDescription":"","_EventCurrencySymbol":"","_EventCurrencyCode":"","_EventCurrencyPosition":"","_EventDateTimeSeparator":"","_EventTimeRangeSeparator":"","_EventOrganizerID":[],"_EventVenueID":0,"_OrganizerEmail":"","_OrganizerPhone":"","_OrganizerWebsite":"","_VenueAddress":"","_VenueCity":"","_VenueCountry":"","_VenueProvince":"","_VenueZip":"","_VenuePhone":"","_VenueURL":"","_VenueStateProvince":"","_VenueLat":"","_VenueLng":"","footnotes":""},"class_list":["post-363","page","type-page","status-publish","hentry"],"yoast_head":"<!-- This site is optimized with the Yoast SEO plugin v20.11 - https:\/\/yoast.com\/wordpress\/plugins\/seo\/ -->\n<title>Nuestra Filosof\u00eda - Asociaci\u00f3n Haziak<\/title>\n<meta name=\"description\" content=\"Nuestra visi\u00f3n, misi\u00f3n y valores son acompa\u00f1ar, guiar, y dar visivilidad a las personas tuteladas y extuteladas.\" \/>\n<meta name=\"robots\" content=\"index, follow, max-snippet:-1, max-image-preview:large, max-video-preview:-1\" \/>\n<link rel=\"canonical\" href=\"https:\/\/asociacionhaziak.com\/?page_id=363\" \/>\n<meta property=\"og:locale\" content=\"es_ES\" \/>\n<meta property=\"og:type\" content=\"article\" \/>\n<meta property=\"og:title\" content=\"Nuestra Filosof\u00eda - Asociaci\u00f3n Haziak\" \/>\n<meta property=\"og:description\" content=\"Nuestra visi\u00f3n, misi\u00f3n y valores son acompa\u00f1ar, guiar, y dar visivilidad a las personas tuteladas y extuteladas.\" \/>\n<meta property=\"og:url\" content=\"https:\/\/asociacionhaziak.com\/?page_id=363\" \/>\n<meta property=\"og:site_name\" content=\"Asociaci\u00f3n Haziak\" \/>\n<meta property=\"article:modified_time\" content=\"2023-06-19T11:24:27+00:00\" \/>\n<meta name=\"twitter:card\" content=\"summary_large_image\" \/>\n<meta name=\"twitter:label1\" content=\"Tiempo de lectura\" \/>\n\t<meta name=\"twitter:data1\" content=\"2 minutos\" \/>\n<script type=\"application\/ld+json\" class=\"yoast-schema-graph\">{\"@context\":\"https:\/\/schema.org\",\"@graph\":[{\"@type\":\"WebPage\",\"@id\":\"https:\/\/asociacionhaziak.com\/?page_id=363\",\"url\":\"https:\/\/asociacionhaziak.com\/?page_id=363\",\"name\":\"Nuestra Filosof\u00eda - Asociaci\u00f3n Haziak\",\"isPartOf\":{\"@id\":\"https:\/\/asociacionhaziak.com\/#website\"},\"datePublished\":\"2023-06-19T11:24:26+00:00\",\"dateModified\":\"2023-06-19T11:24:27+00:00\",\"description\":\"Nuestra visi\u00f3n, misi\u00f3n y valores son acompa\u00f1ar, guiar, y dar visivilidad a las personas tuteladas y extuteladas.\",\"breadcrumb\":{\"@id\":\"https:\/\/asociacionhaziak.com\/?page_id=363#breadcrumb\"},\"inLanguage\":\"es\",\"potentialAction\":[{\"@type\":\"ReadAction\",\"target\":[\"https:\/\/asociacionhaziak.com\/?page_id=363\"]}]},{\"@type\":\"BreadcrumbList\",\"@id\":\"https:\/\/asociacionhaziak.com\/?page_id=363#breadcrumb\",\"itemListElement\":[{\"@type\":\"ListItem\",\"position\":1,\"name\":\"Portada\",\"item\":\"https:\/\/asociacionhaziak.com\/\"},{\"@type\":\"ListItem\",\"position\":2,\"name\":\"Nuestra Filosof\u00eda\"}]},{\"@type\":\"WebSite\",\"@id\":\"https:\/\/asociacionhaziak.com\/#website\",\"url\":\"https:\/\/asociacionhaziak.com\/\",\"name\":\"Asociaci\u00f3n Haziak\",\"description\":\"Personas Tuteladas y Extuteladas de Navarra\",\"publisher\":{\"@id\":\"https:\/\/asociacionhaziak.com\/#organization\"},\"potentialAction\":[{\"@type\":\"SearchAction\",\"target\":{\"@type\":\"EntryPoint\",\"urlTemplate\":\"https:\/\/asociacionhaziak.com\/?s={search_term_string}\"},\"query-input\":\"required name=search_term_string\"}],\"inLanguage\":\"es\"},{\"@type\":\"Organization\",\"@id\":\"https:\/\/asociacionhaziak.com\/#organization\",\"name\":\"Asociaci\u00f3n Haziak\",\"url\":\"https:\/\/asociacionhaziak.com\/\",\"logo\":{\"@type\":\"ImageObject\",\"inLanguage\":\"es\",\"@id\":\"https:\/\/asociacionhaziak.com\/#\/schema\/logo\/image\/\",\"url\":\"https:\/\/asociacionhaziak.com\/wp-content\/uploads\/2022\/08\/LogoHaziak-1.png\",\"contentUrl\":\"https:\/\/asociacionhaziak.com\/wp-content\/uploads\/2022\/08\/LogoHaziak-1.png\",\"width\":3690,\"height\":2575,\"caption\":\"Asociaci\u00f3n Haziak\"},\"image\":{\"@id\":\"https:\/\/asociacionhaziak.com\/#\/schema\/logo\/image\/\"}}]}<\/script>\n<!-- \/ Yoast SEO plugin. -->","yoast_head_json":{"title":"Nuestra Filosof\u00eda - Asociaci\u00f3n Haziak","description":"Nuestra visi\u00f3n, misi\u00f3n y valores son acompa\u00f1ar, guiar, y dar visivilidad a las personas tuteladas y extuteladas.","robots":{"index":"index","follow":"follow","max-snippet":"max-snippet:-1","max-image-preview":"max-image-preview:large","max-video-preview":"max-video-preview:-1"},"canonical":"https:\/\/asociacionhaziak.com\/?page_id=363","og_locale":"es_ES","og_type":"article","og_title":"Nuestra Filosof\u00eda - Asociaci\u00f3n Haziak","og_description":"Nuestra visi\u00f3n, misi\u00f3n y valores son acompa\u00f1ar, guiar, y dar visivilidad a las personas tuteladas y extuteladas.","og_url":"https:\/\/asociacionhaziak.com\/?page_id=363","og_site_name":"Asociaci\u00f3n Haziak","article_modified_time":"2023-06-19T11:24:27+00:00","twitter_card":"summary_large_image","twitter_misc":{"Tiempo de lectura":"2 minutos"},"schema":{"@context":"https:\/\/schema.org","@graph":[{"@type":"WebPage","@id":"https:\/\/asociacionhaziak.com\/?page_id=363","url":"https:\/\/asociacionhaziak.com\/?page_id=363","name":"Nuestra Filosof\u00eda - Asociaci\u00f3n Haziak","isPartOf":{"@id":"https:\/\/asociacionhaziak.com\/#website"},"datePublished":"2023-06-19T11:24:26+00:00","dateModified":"2023-06-19T11:24:27+00:00","description":"Nuestra visi\u00f3n, misi\u00f3n y valores son acompa\u00f1ar, guiar, y dar visivilidad a las personas tuteladas y extuteladas.","breadcrumb":{"@id":"https:\/\/asociacionhaziak.com\/?page_id=363#breadcrumb"},"inLanguage":"es","potentialAction":[{"@type":"ReadAction","target":["https:\/\/asociacionhaziak.com\/?page_id=363"]}]},{"@type":"BreadcrumbList","@id":"https:\/\/asociacionhaziak.com\/?page_id=363#breadcrumb","itemListElement":[{"@type":"ListItem","position":1,"name":"Portada","item":"https:\/\/asociacionhaziak.com\/"},{"@type":"ListItem","position":2,"name":"Nuestra Filosof\u00eda"}]},{"@type":"WebSite","@id":"https:\/\/asociacionhaziak.com\/#website","url":"https:\/\/asociacionhaziak.com\/","name":"Asociaci\u00f3n Haziak","description":"Personas Tuteladas y Extuteladas de Navarra","publisher":{"@id":"https:\/\/asociacionhaziak.com\/#organization"},"potentialAction":[{"@type":"SearchAction","target":{"@type":"EntryPoint","urlTemplate":"https:\/\/asociacionhaziak.com\/?s={search_term_string}"},"query-input":"required name=search_term_string"}],"inLanguage":"es"},{"@type":"Organization","@id":"https:\/\/asociacionhaziak.com\/#organization","name":"Asociaci\u00f3n Haziak","url":"https:\/\/asociacionhaziak.com\/","logo":{"@type":"ImageObject","inLanguage":"es","@id":"https:\/\/asociacionhaziak.com\/#\/schema\/logo\/image\/","url":"https:\/\/asociacionhaziak.com\/wp-content\/uploads\/2022\/08\/LogoHaziak-1.png","contentUrl":"https:\/\/asociacionhaziak.com\/wp-content\/uploads\/2022\/08\/LogoHaziak-1.png","width":3690,"height":2575,"caption":"Asociaci\u00f3n Haziak"},"image":{"@id":"https:\/\/asociacionhaziak.com\/#\/schema\/logo\/image\/"}}]}},"_links":{"self":[{"href":"https:\/\/asociacionhaziak.com\/index.php?rest_route=\/wp\/v2\/pages\/363","targetHints":{"allow":["GET"]}}],"collection":[{"href":"https:\/\/asociacionhaziak.com\/index.php?rest_route=\/wp\/v2\/pages"}],"about":[{"href":"https:\/\/asociacionhaziak.com\/index.php?rest_route=\/wp\/v2\/types\/page"}],"author":[{"embeddable":true,"href":"https:\/\/asociacionhaziak.com\/index.php?rest_route=\/wp\/v2\/users\/1"}],"replies":[{"embeddable":true,"href":"https:\/\/asociacionhaziak.com\/index.php?rest_route=%2Fwp%2Fv2%2Fcomments&post=363"}],"version-history":[{"count":3,"href":"https:\/\/asociacionhaziak.com\/index.php?rest_route=\/wp\/v2\/pages\/363\/revisions"}],"predecessor-version":[{"id":366,"href":"https:\/\/asociacionhaziak.com\/index.php?rest_route=\/wp\/v2\/pages\/363\/revisions\/366"}],"wp:attachment":[{"href":"https:\/\/asociacionhaziak.com\/index.php?rest_route=%2Fwp%2Fv2%2Fmedia&parent=363"}],"curies":[{"name":"wp","href":"https:\/\/api.w.org\/{rel}","templated":true}]}}