{"id":99,"date":"2022-10-28T08:14:01","date_gmt":"2022-10-28T08:14:01","guid":{"rendered":"https:\/\/asociacionhaziak.com\/?page_id=99"},"modified":"2023-06-20T17:08:01","modified_gmt":"2023-06-20T17:08:01","slug":"que-es-haziak-slug","status":"publish","type":"page","link":"https:\/\/asociacionhaziak.com\/?page_id=99","title":{"rendered":"\u00bfQu\u00e9 es Haziak?"},"content":{"rendered":"\n<p><strong>Haziak<\/strong>&nbsp;somos la primera asociaci\u00f3n de Navarra para personas tuteladas y extuteladas y creada por personas ya extuteladas, que conocemos lo que es pasar por estos recursos y las carencias que tenemos seg\u00fan la edad y la situaci\u00f3n.<\/p>\n\n\n\n<p>Mientras somos menores, las instituciones gubernamentales nos protegen, pero al cumplir la mayor\u00eda de edad asumen que nos salen superpoderes y que podemos sobrevivir naturalmente cuando nos quedamos fuera de los centros.<\/p>\n\n\n\n<p>Apoyamos a estas personas d\u00e1ndoles herramientas para poder seguir adelante en la vida adulta. Realizamos diversos acompa\u00f1amientos, asesoramiento psicol\u00f3gico, orientaci\u00f3n laboral y formativa, sin olvidarnos de lo important\u00edsimo que es tener ocio y la opci\u00f3n de conocer y relacionarse con m\u00e1s personas.<\/p>\n\n\n\n<figure class=\"wp-block-image size-large\"><img loading=\"lazy\" decoding=\"async\" width=\"1024\" height=\"683\" src=\"https:\/\/asociacionhaziak.com\/wp-content\/uploads\/2022\/11\/pexels-akil-mazumder-1072824-1024x683.jpg\" alt=\"\" class=\"wp-image-347\" srcset=\"https:\/\/asociacionhaziak.com\/wp-content\/uploads\/2022\/11\/pexels-akil-mazumder-1072824-1024x683.jpg 1024w, https:\/\/asociacionhaziak.com\/wp-content\/uploads\/2022\/11\/pexels-akil-mazumder-1072824-300x200.jpg 300w, https:\/\/asociacionhaziak.com\/wp-content\/uploads\/2022\/11\/pexels-akil-mazumder-1072824-768x512.jpg 768w, https:\/\/asociacionhaziak.com\/wp-content\/uploads\/2022\/11\/pexels-akil-mazumder-1072824-1536x1024.jpg 1536w, https:\/\/asociacionhaziak.com\/wp-content\/uploads\/2022\/11\/pexels-akil-mazumder-1072824-2048x1365.jpg 2048w, https:\/\/asociacionhaziak.com\/wp-content\/uploads\/2022\/11\/pexels-akil-mazumder-1072824-1568x1045.jpg 1568w\" sizes=\"auto, (max-width: 1024px) 100vw, 1024px\" \/><\/figure>\n\n\n\n<h2 class=\"wp-block-heading alignwide\"><br>C\u00d3MO NACI\u00d3 HAZIAK<\/h2>\n\n\n\n<div style=\"height:35px\" aria-hidden=\"true\" class=\"wp-block-spacer\"><\/div>\n\n\n\n<div class=\"wp-block-media-text alignwide is-stacked-on-mobile\"><figure class=\"wp-block-media-text__media\"><img loading=\"lazy\" decoding=\"async\" width=\"1024\" height=\"663\" src=\"https:\/\/asociacionhaziak.com\/wp-content\/uploads\/2022\/11\/pexels-samer-daboul-1212846-1024x663.jpg\" alt=\"\" class=\"wp-image-345 size-full\" srcset=\"https:\/\/asociacionhaziak.com\/wp-content\/uploads\/2022\/11\/pexels-samer-daboul-1212846-1024x663.jpg 1024w, https:\/\/asociacionhaziak.com\/wp-content\/uploads\/2022\/11\/pexels-samer-daboul-1212846-300x194.jpg 300w, https:\/\/asociacionhaziak.com\/wp-content\/uploads\/2022\/11\/pexels-samer-daboul-1212846-768x497.jpg 768w, https:\/\/asociacionhaziak.com\/wp-content\/uploads\/2022\/11\/pexels-samer-daboul-1212846-1536x994.jpg 1536w, https:\/\/asociacionhaziak.com\/wp-content\/uploads\/2022\/11\/pexels-samer-daboul-1212846-2048x1325.jpg 2048w, https:\/\/asociacionhaziak.com\/wp-content\/uploads\/2022\/11\/pexels-samer-daboul-1212846-1568x1014.jpg 1568w\" sizes=\"auto, (max-width: 1024px) 100vw, 1024px\" \/><\/figure><div class=\"wp-block-media-text__content\">\n<p><br><strong>Haziak<\/strong>&nbsp;nace desde nuestra necesidad de ser escuchadas y sentirnos visibles. Nadie mejor que las personas extuteladas sabe qu\u00e9 es lo que necesitamos, como colectivo y como personas individuales. Queremos deshacernos del estigma social que nos acompa\u00f1a cuando nuestro entorno conoce nuestra situaci\u00f3n y vivencia en los centros de menores, los pisos y familias de acogida. Queremos dar a conocer nuestra realidad, la que no se conoce y no la que se cuenta desde una visi\u00f3n externa o profesional. <\/p>\n<\/div><\/div>\n\n\n\n<div class=\"wp-block-media-text alignwide has-media-on-the-right is-stacked-on-mobile\"><div class=\"wp-block-media-text__content\">\n<p><strong>Creemos<\/strong> en la necesidad de una uni\u00f3n real entre personas tuteladas y extuteladas para generar una red de apoyo conjunto entre nosotras, siendo tambi\u00e9n un espacio donde no haya l\u00edmites de procedencia o edad. Un espacio donde podamos compartir el dolor, la rabia y la tristeza. Un lugar donde la soledad se esfume y convirtamos todas estas sensaciones negativas en fuerza y alegr\u00eda, donde dejemos de ser los olvidados. El espacio que por primera vez est\u00e1 creado por y para nosotras, donde, por primera vez nos autogestionemos. Porque como nadie vino a salvarnos, nos convertimos en las hero\u00ednas de nuestra propia historia.<\/p>\n<\/div><figure class=\"wp-block-media-text__media\"><img loading=\"lazy\" decoding=\"async\" width=\"1024\" height=\"683\" src=\"https:\/\/asociacionhaziak.com\/wp-content\/uploads\/2022\/11\/pexels-diego-madrigal-539694-1024x683.jpg\" alt=\"\" class=\"wp-image-346 size-full\" srcset=\"https:\/\/asociacionhaziak.com\/wp-content\/uploads\/2022\/11\/pexels-diego-madrigal-539694-1024x683.jpg 1024w, https:\/\/asociacionhaziak.com\/wp-content\/uploads\/2022\/11\/pexels-diego-madrigal-539694-300x200.jpg 300w, https:\/\/asociacionhaziak.com\/wp-content\/uploads\/2022\/11\/pexels-diego-madrigal-539694-768x512.jpg 768w, https:\/\/asociacionhaziak.com\/wp-content\/uploads\/2022\/11\/pexels-diego-madrigal-539694-1536x1024.jpg 1536w, https:\/\/asociacionhaziak.com\/wp-content\/uploads\/2022\/11\/pexels-diego-madrigal-539694-2048x1365.jpg 2048w, https:\/\/asociacionhaziak.com\/wp-content\/uploads\/2022\/11\/pexels-diego-madrigal-539694-1568x1045.jpg 1568w\" sizes=\"auto, (max-width: 1024px) 100vw, 1024px\" \/><\/figure><\/div>\n\n\n\n<div style=\"height:100px\" aria-hidden=\"true\" class=\"wp-block-spacer\"><\/div>\n","protected":false},"excerpt":{"rendered":"<p>Haziak&nbsp;somos la primera asociaci\u00f3n de Navarra para personas tuteladas y extuteladas y creada por personas ya extuteladas, que conocemos lo que es pasar por estos recursos y las carencias que [&hellip;]<\/p>\n","protected":false},"author":1,"featured_media":0,"parent":0,"menu_order":0,"comment_status":"closed","ping_status":"closed","template":"about","meta":{"_EventAllDay":false,"_EventTimezone":"","_EventStartDate":"","_EventEndDate":"","_EventStartDateUTC":"","_EventEndDateUTC":"","_EventShowMap":false,"_EventShowMapLink":false,"_EventURL":"","_EventCost":"","_EventCostDescription":"","_EventCurrencySymbol":"","_EventCurrencyCode":"","_EventCurrencyPosition":"","_EventDateTimeSeparator":"","_EventTimeRangeSeparator":"","_EventOrganizerID":[],"_EventVenueID":0,"_OrganizerEmail":"","_OrganizerPhone":"","_OrganizerWebsite":"","_VenueAddress":"","_VenueCity":"","_VenueCountry":"","_VenueProvince":"","_VenueZip":"","_VenuePhone":"","_VenueURL":"","_VenueStateProvince":"","_VenueLat":"","_VenueLng":"","footnotes":""},"class_list":["post-99","page","type-page","status-publish","hentry"],"yoast_head":"<!-- This site is optimized with the Yoast SEO plugin v20.11 - https:\/\/yoast.com\/wordpress\/plugins\/seo\/ -->\n<title>\u00bfQu\u00e9 es Haziak? - Asociaci\u00f3n Haziak<\/title>\n<meta name=\"description\" content=\"Somos la primera asociaci\u00f3n de extutelados para tutelados y extutelados de Navarra, donde encontrar\u00e1s apoyo y acompa\u00f1amiento.\" \/>\n<meta name=\"robots\" content=\"index, follow, max-snippet:-1, max-image-preview:large, max-video-preview:-1\" \/>\n<link rel=\"canonical\" href=\"https:\/\/asociacionhaziak.com\/?page_id=99\" \/>\n<meta property=\"og:locale\" content=\"es_ES\" \/>\n<meta property=\"og:type\" content=\"article\" \/>\n<meta property=\"og:title\" content=\"\u00bfQu\u00e9 es Haziak? - Asociaci\u00f3n Haziak\" \/>\n<meta property=\"og:description\" content=\"Somos la primera asociaci\u00f3n de extutelados para tutelados y extutelados de Navarra, donde encontrar\u00e1s apoyo y acompa\u00f1amiento.\" \/>\n<meta property=\"og:url\" content=\"https:\/\/asociacionhaziak.com\/?page_id=99\" \/>\n<meta property=\"og:site_name\" content=\"Asociaci\u00f3n Haziak\" \/>\n<meta property=\"article:modified_time\" content=\"2023-06-20T17:08:01+00:00\" \/>\n<meta property=\"og:image\" content=\"https:\/\/asociacionhaziak.com\/wp-content\/uploads\/2022\/11\/pexels-akil-mazumder-1072824-1024x683.jpg\" \/>\n<meta name=\"twitter:card\" content=\"summary_large_image\" \/>\n<meta name=\"twitter:label1\" content=\"Tiempo de lectura\" \/>\n\t<meta name=\"twitter:data1\" content=\"2 minutos\" \/>\n<script type=\"application\/ld+json\" class=\"yoast-schema-graph\">{\"@context\":\"https:\/\/schema.org\",\"@graph\":[{\"@type\":\"WebPage\",\"@id\":\"https:\/\/asociacionhaziak.com\/?page_id=99\",\"url\":\"https:\/\/asociacionhaziak.com\/?page_id=99\",\"name\":\"\u00bfQu\u00e9 es Haziak? - Asociaci\u00f3n Haziak\",\"isPartOf\":{\"@id\":\"https:\/\/asociacionhaziak.com\/#website\"},\"datePublished\":\"2022-10-28T08:14:01+00:00\",\"dateModified\":\"2023-06-20T17:08:01+00:00\",\"description\":\"Somos la primera asociaci\u00f3n de extutelados para tutelados y extutelados de Navarra, donde encontrar\u00e1s apoyo y acompa\u00f1amiento.\",\"breadcrumb\":{\"@id\":\"https:\/\/asociacionhaziak.com\/?page_id=99#breadcrumb\"},\"inLanguage\":\"es\",\"potentialAction\":[{\"@type\":\"ReadAction\",\"target\":[\"https:\/\/asociacionhaziak.com\/?page_id=99\"]}]},{\"@type\":\"BreadcrumbList\",\"@id\":\"https:\/\/asociacionhaziak.com\/?page_id=99#breadcrumb\",\"itemListElement\":[{\"@type\":\"ListItem\",\"position\":1,\"name\":\"Portada\",\"item\":\"https:\/\/asociacionhaziak.com\/\"},{\"@type\":\"ListItem\",\"position\":2,\"name\":\"\u00bfQu\u00e9 es Haziak?\"}]},{\"@type\":\"WebSite\",\"@id\":\"https:\/\/asociacionhaziak.com\/#website\",\"url\":\"https:\/\/asociacionhaziak.com\/\",\"name\":\"Asociaci\u00f3n Haziak\",\"description\":\"Personas Tuteladas y Extuteladas de Navarra\",\"publisher\":{\"@id\":\"https:\/\/asociacionhaziak.com\/#organization\"},\"potentialAction\":[{\"@type\":\"SearchAction\",\"target\":{\"@type\":\"EntryPoint\",\"urlTemplate\":\"https:\/\/asociacionhaziak.com\/?s={search_term_string}\"},\"query-input\":\"required name=search_term_string\"}],\"inLanguage\":\"es\"},{\"@type\":\"Organization\",\"@id\":\"https:\/\/asociacionhaziak.com\/#organization\",\"name\":\"Asociaci\u00f3n Haziak\",\"url\":\"https:\/\/asociacionhaziak.com\/\",\"logo\":{\"@type\":\"ImageObject\",\"inLanguage\":\"es\",\"@id\":\"https:\/\/asociacionhaziak.com\/#\/schema\/logo\/image\/\",\"url\":\"https:\/\/asociacionhaziak.com\/wp-content\/uploads\/2022\/08\/LogoHaziak-1.png\",\"contentUrl\":\"https:\/\/asociacionhaziak.com\/wp-content\/uploads\/2022\/08\/LogoHaziak-1.png\",\"width\":3690,\"height\":2575,\"caption\":\"Asociaci\u00f3n Haziak\"},\"image\":{\"@id\":\"https:\/\/asociacionhaziak.com\/#\/schema\/logo\/image\/\"}}]}<\/script>\n<!-- \/ Yoast SEO plugin. -->","yoast_head_json":{"title":"\u00bfQu\u00e9 es Haziak? - Asociaci\u00f3n Haziak","description":"Somos la primera asociaci\u00f3n de extutelados para tutelados y extutelados de Navarra, donde encontrar\u00e1s apoyo y acompa\u00f1amiento.","robots":{"index":"index","follow":"follow","max-snippet":"max-snippet:-1","max-image-preview":"max-image-preview:large","max-video-preview":"max-video-preview:-1"},"canonical":"https:\/\/asociacionhaziak.com\/?page_id=99","og_locale":"es_ES","og_type":"article","og_title":"\u00bfQu\u00e9 es Haziak? - Asociaci\u00f3n Haziak","og_description":"Somos la primera asociaci\u00f3n de extutelados para tutelados y extutelados de Navarra, donde encontrar\u00e1s apoyo y acompa\u00f1amiento.","og_url":"https:\/\/asociacionhaziak.com\/?page_id=99","og_site_name":"Asociaci\u00f3n Haziak","article_modified_time":"2023-06-20T17:08:01+00:00","og_image":[{"url":"https:\/\/asociacionhaziak.com\/wp-content\/uploads\/2022\/11\/pexels-akil-mazumder-1072824-1024x683.jpg"}],"twitter_card":"summary_large_image","twitter_misc":{"Tiempo de lectura":"2 minutos"},"schema":{"@context":"https:\/\/schema.org","@graph":[{"@type":"WebPage","@id":"https:\/\/asociacionhaziak.com\/?page_id=99","url":"https:\/\/asociacionhaziak.com\/?page_id=99","name":"\u00bfQu\u00e9 es Haziak? - Asociaci\u00f3n Haziak","isPartOf":{"@id":"https:\/\/asociacionhaziak.com\/#website"},"datePublished":"2022-10-28T08:14:01+00:00","dateModified":"2023-06-20T17:08:01+00:00","description":"Somos la primera asociaci\u00f3n de extutelados para tutelados y extutelados de Navarra, donde encontrar\u00e1s apoyo y acompa\u00f1amiento.","breadcrumb":{"@id":"https:\/\/asociacionhaziak.com\/?page_id=99#breadcrumb"},"inLanguage":"es","potentialAction":[{"@type":"ReadAction","target":["https:\/\/asociacionhaziak.com\/?page_id=99"]}]},{"@type":"BreadcrumbList","@id":"https:\/\/asociacionhaziak.com\/?page_id=99#breadcrumb","itemListElement":[{"@type":"ListItem","position":1,"name":"Portada","item":"https:\/\/asociacionhaziak.com\/"},{"@type":"ListItem","position":2,"name":"\u00bfQu\u00e9 es Haziak?"}]},{"@type":"WebSite","@id":"https:\/\/asociacionhaziak.com\/#website","url":"https:\/\/asociacionhaziak.com\/","name":"Asociaci\u00f3n Haziak","description":"Personas Tuteladas y Extuteladas de Navarra","publisher":{"@id":"https:\/\/asociacionhaziak.com\/#organization"},"potentialAction":[{"@type":"SearchAction","target":{"@type":"EntryPoint","urlTemplate":"https:\/\/asociacionhaziak.com\/?s={search_term_string}"},"query-input":"required name=search_term_string"}],"inLanguage":"es"},{"@type":"Organization","@id":"https:\/\/asociacionhaziak.com\/#organization","name":"Asociaci\u00f3n Haziak","url":"https:\/\/asociacionhaziak.com\/","logo":{"@type":"ImageObject","inLanguage":"es","@id":"https:\/\/asociacionhaziak.com\/#\/schema\/logo\/image\/","url":"https:\/\/asociacionhaziak.com\/wp-content\/uploads\/2022\/08\/LogoHaziak-1.png","contentUrl":"https:\/\/asociacionhaziak.com\/wp-content\/uploads\/2022\/08\/LogoHaziak-1.png","width":3690,"height":2575,"caption":"Asociaci\u00f3n Haziak"},"image":{"@id":"https:\/\/asociacionhaziak.com\/#\/schema\/logo\/image\/"}}]}},"_links":{"self":[{"href":"https:\/\/asociacionhaziak.com\/index.php?rest_route=\/wp\/v2\/pages\/99","targetHints":{"allow":["GET"]}}],"collection":[{"href":"https:\/\/asociacionhaziak.com\/index.php?rest_route=\/wp\/v2\/pages"}],"about":[{"href":"https:\/\/asociacionhaziak.com\/index.php?rest_route=\/wp\/v2\/types\/page"}],"author":[{"embeddable":true,"href":"https:\/\/asociacionhaziak.com\/index.php?rest_route=\/wp\/v2\/users\/1"}],"replies":[{"embeddable":true,"href":"https:\/\/asociacionhaziak.com\/index.php?rest_route=%2Fwp%2Fv2%2Fcomments&post=99"}],"version-history":[{"count":19,"href":"https:\/\/asociacionhaziak.com\/index.php?rest_route=\/wp\/v2\/pages\/99\/revisions"}],"predecessor-version":[{"id":532,"href":"https:\/\/asociacionhaziak.com\/index.php?rest_route=\/wp\/v2\/pages\/99\/revisions\/532"}],"wp:attachment":[{"href":"https:\/\/asociacionhaziak.com\/index.php?rest_route=%2Fwp%2Fv2%2Fmedia&parent=99"}],"curies":[{"name":"wp","href":"https:\/\/api.w.org\/{rel}","templated":true}]}}